{"id":1249,"date":"2018-11-29T17:06:37","date_gmt":"2018-11-29T20:06:37","guid":{"rendered":"http:\/\/taboaocalhas.com.br\/?page_id=1249"},"modified":"2025-08-05T20:19:35","modified_gmt":"2025-08-05T23:19:35","slug":"reparo-de-telhados","status":"publish","type":"page","link":"https:\/\/taboaocalhas.com.br\/index.php\/reparo-de-telhados\/","title":{"rendered":"TELHADOS"},"content":{"rendered":"<p>A Tabo\u00e3o Calhas realiza a constru\u00e7\u00e3o e manuten\u00e7\u00e3o do seu telhado. Seja ele pequeno, m\u00e9dio ou grande. Temos a solu\u00e7\u00e3o que voc\u00ea precisa.<\/p>\n<p><img loading=\"lazy\" decoding=\"async\" class=\"size-medium wp-image-1252 alignleft\" src=\"https:\/\/taboaocalhas.com.br\/wp-content\/uploads\/2018\/11\/andaimes-300x213.jpg\" alt=\"\" width=\"300\" height=\"213\" srcset=\"https:\/\/taboaocalhas.com.br\/wp-content\/uploads\/2018\/11\/andaimes-300x213.jpg 300w, https:\/\/taboaocalhas.com.br\/wp-content\/uploads\/2018\/11\/andaimes.jpg 480w\" sizes=\"(max-width: 300px) 100vw, 300px\" \/><\/p>\n<p>Consulte qual \u00e9 o tipo adequado para a sua obra. A Tabo\u00e3o Calhas pode lhe ajudar com dicas e toda a experi\u00eancia de anos fornecendo materiais para as mais diversas aplica\u00e7\u00f5es.<\/p>\n<p><img loading=\"lazy\" decoding=\"async\" class=\"alignnone size-full wp-image-1320\" src=\"https:\/\/taboaocalhas.com.br\/wp-content\/uploads\/2025\/08\/WhatsApp-Image-2025-08-05-at-12.07.06.jpeg\" alt=\"\" width=\"1600\" height=\"1200\" srcset=\"https:\/\/taboaocalhas.com.br\/wp-content\/uploads\/2025\/08\/WhatsApp-Image-2025-08-05-at-12.07.06.jpeg 1600w, https:\/\/taboaocalhas.com.br\/wp-content\/uploads\/2025\/08\/WhatsApp-Image-2025-08-05-at-12.07.06-300x225.jpeg 300w, https:\/\/taboaocalhas.com.br\/wp-content\/uploads\/2025\/08\/WhatsApp-Image-2025-08-05-at-12.07.06-1024x768.jpeg 1024w, https:\/\/taboaocalhas.com.br\/wp-content\/uploads\/2025\/08\/WhatsApp-Image-2025-08-05-at-12.07.06-768x576.jpeg 768w, https:\/\/taboaocalhas.com.br\/wp-content\/uploads\/2025\/08\/WhatsApp-Image-2025-08-05-at-12.07.06-1536x1152.jpeg 1536w\" sizes=\"(max-width: 1600px) 100vw, 1600px\" \/> <img loading=\"lazy\" decoding=\"async\" class=\"alignnone size-full wp-image-1319\" src=\"https:\/\/taboaocalhas.com.br\/wp-content\/uploads\/2025\/08\/WhatsApp-Image-2025-08-05-at-12.07.06-1.jpeg\" alt=\"\" width=\"1600\" height=\"1200\" srcset=\"https:\/\/taboaocalhas.com.br\/wp-content\/uploads\/2025\/08\/WhatsApp-Image-2025-08-05-at-12.07.06-1.jpeg 1600w, https:\/\/taboaocalhas.com.br\/wp-content\/uploads\/2025\/08\/WhatsApp-Image-2025-08-05-at-12.07.06-1-300x225.jpeg 300w, https:\/\/taboaocalhas.com.br\/wp-content\/uploads\/2025\/08\/WhatsApp-Image-2025-08-05-at-12.07.06-1-1024x768.jpeg 1024w, https:\/\/taboaocalhas.com.br\/wp-content\/uploads\/2025\/08\/WhatsApp-Image-2025-08-05-at-12.07.06-1-768x576.jpeg 768w, https:\/\/taboaocalhas.com.br\/wp-content\/uploads\/2025\/08\/WhatsApp-Image-2025-08-05-at-12.07.06-1-1536x1152.jpeg 1536w\" sizes=\"(max-width: 1600px) 100vw, 1600px\" \/> <img loading=\"lazy\" decoding=\"async\" class=\"alignnone size-full wp-image-1318\" src=\"https:\/\/taboaocalhas.com.br\/wp-content\/uploads\/2025\/08\/WhatsApp-Image-2025-08-05-at-12.07.06-2.jpeg\" alt=\"\" width=\"1600\" height=\"1200\" srcset=\"https:\/\/taboaocalhas.com.br\/wp-content\/uploads\/2025\/08\/WhatsApp-Image-2025-08-05-at-12.07.06-2.jpeg 1600w, https:\/\/taboaocalhas.com.br\/wp-content\/uploads\/2025\/08\/WhatsApp-Image-2025-08-05-at-12.07.06-2-300x225.jpeg 300w, https:\/\/taboaocalhas.com.br\/wp-content\/uploads\/2025\/08\/WhatsApp-Image-2025-08-05-at-12.07.06-2-1024x768.jpeg 1024w, https:\/\/taboaocalhas.com.br\/wp-content\/uploads\/2025\/08\/WhatsApp-Image-2025-08-05-at-12.07.06-2-768x576.jpeg 768w, https:\/\/taboaocalhas.com.br\/wp-content\/uploads\/2025\/08\/WhatsApp-Image-2025-08-05-at-12.07.06-2-1536x1152.jpeg 1536w\" sizes=\"(max-width: 1600px) 100vw, 1600px\" \/> <img loading=\"lazy\" decoding=\"async\" class=\"alignnone size-full wp-image-1316\" src=\"https:\/\/taboaocalhas.com.br\/wp-content\/uploads\/2025\/08\/WhatsApp-Image-2025-08-05-at-12.07.06-3.jpeg\" alt=\"\" width=\"1600\" height=\"1200\" srcset=\"https:\/\/taboaocalhas.com.br\/wp-content\/uploads\/2025\/08\/WhatsApp-Image-2025-08-05-at-12.07.06-3.jpeg 1600w, https:\/\/taboaocalhas.com.br\/wp-content\/uploads\/2025\/08\/WhatsApp-Image-2025-08-05-at-12.07.06-3-300x225.jpeg 300w, https:\/\/taboaocalhas.com.br\/wp-content\/uploads\/2025\/08\/WhatsApp-Image-2025-08-05-at-12.07.06-3-1024x768.jpeg 1024w, https:\/\/taboaocalhas.com.br\/wp-content\/uploads\/2025\/08\/WhatsApp-Image-2025-08-05-at-12.07.06-3-768x576.jpeg 768w, https:\/\/taboaocalhas.com.br\/wp-content\/uploads\/2025\/08\/WhatsApp-Image-2025-08-05-at-12.07.06-3-1536x1152.jpeg 1536w\" sizes=\"(max-width: 1600px) 100vw, 1600px\" \/> <img loading=\"lazy\" decoding=\"async\" class=\"alignnone size-full wp-image-1315\" src=\"https:\/\/taboaocalhas.com.br\/wp-content\/uploads\/2025\/08\/WhatsApp-Image-2025-08-05-at-12.07.07.jpeg\" alt=\"\" width=\"1600\" height=\"1200\" srcset=\"https:\/\/taboaocalhas.com.br\/wp-content\/uploads\/2025\/08\/WhatsApp-Image-2025-08-05-at-12.07.07.jpeg 1600w, https:\/\/taboaocalhas.com.br\/wp-content\/uploads\/2025\/08\/WhatsApp-Image-2025-08-05-at-12.07.07-300x225.jpeg 300w, https:\/\/taboaocalhas.com.br\/wp-content\/uploads\/2025\/08\/WhatsApp-Image-2025-08-05-at-12.07.07-1024x768.jpeg 1024w, https:\/\/taboaocalhas.com.br\/wp-content\/uploads\/2025\/08\/WhatsApp-Image-2025-08-05-at-12.07.07-768x576.jpeg 768w, https:\/\/taboaocalhas.com.br\/wp-content\/uploads\/2025\/08\/WhatsApp-Image-2025-08-05-at-12.07.07-1536x1152.jpeg 1536w\" sizes=\"(max-width: 1600px) 100vw, 1600px\" \/> <img loading=\"lazy\" decoding=\"async\" class=\"alignnone size-full wp-image-1314\" src=\"https:\/\/taboaocalhas.com.br\/wp-content\/uploads\/2025\/08\/WhatsApp-Image-2025-08-05-at-12.07.07-1.jpeg\" alt=\"\" width=\"1600\" height=\"1200\" srcset=\"https:\/\/taboaocalhas.com.br\/wp-content\/uploads\/2025\/08\/WhatsApp-Image-2025-08-05-at-12.07.07-1.jpeg 1600w, https:\/\/taboaocalhas.com.br\/wp-content\/uploads\/2025\/08\/WhatsApp-Image-2025-08-05-at-12.07.07-1-300x225.jpeg 300w, https:\/\/taboaocalhas.com.br\/wp-content\/uploads\/2025\/08\/WhatsApp-Image-2025-08-05-at-12.07.07-1-1024x768.jpeg 1024w, https:\/\/taboaocalhas.com.br\/wp-content\/uploads\/2025\/08\/WhatsApp-Image-2025-08-05-at-12.07.07-1-768x576.jpeg 768w, https:\/\/taboaocalhas.com.br\/wp-content\/uploads\/2025\/08\/WhatsApp-Image-2025-08-05-at-12.07.07-1-1536x1152.jpeg 1536w\" sizes=\"(max-width: 1600px) 100vw, 1600px\" \/><\/p>\n","protected":false},"excerpt":{"rendered":"<p>A Tabo\u00e3o Calhas realiza a constru\u00e7\u00e3o e manuten\u00e7\u00e3o do seu telhado. Seja ele pequeno, m\u00e9dio ou grande. Temos a solu\u00e7\u00e3o que voc\u00ea precisa. Consulte qual \u00e9 o tipo adequado para a sua obra. A Tabo\u00e3o Calhas pode lhe ajudar com<\/p>\n","protected":false},"author":1,"featured_media":1282,"parent":0,"menu_order":0,"comment_status":"closed","ping_status":"closed","template":"","meta":{"footnotes":""},"class_list":["post-1249","page","type-page","status-publish","has-post-thumbnail","hentry"],"_links":{"self":[{"href":"https:\/\/taboaocalhas.com.br\/index.php\/wp-json\/wp\/v2\/pages\/1249"}],"collection":[{"href":"https:\/\/taboaocalhas.com.br\/index.php\/wp-json\/wp\/v2\/pages"}],"about":[{"href":"https:\/\/taboaocalhas.com.br\/index.php\/wp-json\/wp\/v2\/types\/page"}],"author":[{"embeddable":true,"href":"https:\/\/taboaocalhas.com.br\/index.php\/wp-json\/wp\/v2\/users\/1"}],"replies":[{"embeddable":true,"href":"https:\/\/taboaocalhas.com.br\/index.php\/wp-json\/wp\/v2\/comments?post=1249"}],"version-history":[{"count":6,"href":"https:\/\/taboaocalhas.com.br\/index.php\/wp-json\/wp\/v2\/pages\/1249\/revisions"}],"predecessor-version":[{"id":1321,"href":"https:\/\/taboaocalhas.com.br\/index.php\/wp-json\/wp\/v2\/pages\/1249\/revisions\/1321"}],"wp:featuredmedia":[{"embeddable":true,"href":"https:\/\/taboaocalhas.com.br\/index.php\/wp-json\/wp\/v2\/media\/1282"}],"wp:attachment":[{"href":"https:\/\/taboaocalhas.com.br\/index.php\/wp-json\/wp\/v2\/media?parent=1249"}],"curies":[{"name":"wp","href":"https:\/\/api.w.org\/{rel}","templated":true}]}}