{"id":1212,"date":"2018-11-21T16:45:18","date_gmt":"2018-11-21T19:45:18","guid":{"rendered":"http:\/\/taboaocalhas.com.br\/?page_id=1212"},"modified":"2018-11-21T16:45:18","modified_gmt":"2018-11-21T19:45:18","slug":"grelhas","status":"publish","type":"page","link":"https:\/\/taboaocalhas.com.br\/index.php\/grelhas\/","title":{"rendered":"GRELHAS"},"content":{"rendered":"<p>A Tabo\u00e3o Calhas produz v\u00e1rias modalidades de grelhas para atender as mais variadas aplica\u00e7\u00f5es:<\/p>\n\n\t\t<!-- MasterSlider -->\n\t\t<div id=\"P_MS6a079e8be08c2\" class=\"master-slider-parent msl ms-parent-id-11\" style=\"max-width:800px;\"  >\n\n\t\t\t\n\t\t\t<!-- MasterSlider Main -->\n\t\t\t<div id=\"MS6a079e8be08c2\" class=\"master-slider ms-skin-default\" >\n\t\t\t\t \t\t\t\t \n\t\t\t\t<div  class=\"ms-slide\" data-delay=\"3\" data-fill-mode=\"fit\"  >\n\t\t\t\t\t<img decoding=\"async\" src=\"https:\/\/taboaocalhas.com.br\/wp-content\/plugins\/master-slider\/public\/assets\/css\/blank.gif\" alt=\"\" title=\"\" data-src=\"https:\/\/taboaocalhas.com.br\/wp-content\/uploads\/2018\/11\/Grelha-de-porta-em-aluminio-natural-2.jpg\" \/>\n\n\t\t\t\t\t<div class=\"ms-info\"><span style=\"color: #ffff00;\">Grelha de porta em alum\u00ednio natural<\/span><\/div>\n\n\n\t<img decoding=\"async\" class=\"ms-thumb\" src=\"https:\/\/taboaocalhas.com.br\/wp-content\/uploads\/2018\/11\/Grelha-de-porta-em-aluminio-natural-2-140x80.jpg\" alt=\"\" \/>\n\t<div class=\"ms-thumb\" ><div class=\"ms-tab-context\"><div class=&quot;ms-tab-context&quot;><\/div><\/div>\n<\/div>\n\t\t\t\t<\/div>\n\t\t\t\t<div  class=\"ms-slide\" data-delay=\"3\" data-fill-mode=\"fit\"  >\n\t\t\t\t\t<img decoding=\"async\" src=\"https:\/\/taboaocalhas.com.br\/wp-content\/plugins\/master-slider\/public\/assets\/css\/blank.gif\" alt=\"\" title=\"\" data-src=\"https:\/\/taboaocalhas.com.br\/wp-content\/uploads\/2018\/11\/Grelha-de-porta-em-aluminio-natural.jpg\" \/>\n\n\t\t\t\t\t<div class=\"ms-info\"><span style=\"color: #ffff00;\">Grelha de porta em aluminio natural<\/span><\/div>\n\n\n\t<img decoding=\"async\" class=\"ms-thumb\" src=\"https:\/\/taboaocalhas.com.br\/wp-content\/uploads\/2018\/11\/Grelha-de-porta-em-aluminio-natural-140x80.jpg\" alt=\"\" \/>\n\t<div class=\"ms-thumb\" ><div class=\"ms-tab-context\"><div class=&quot;ms-tab-context&quot;><\/div><\/div>\n<\/div>\n\t\t\t\t<\/div>\n\t\t\t\t<div  class=\"ms-slide\" data-delay=\"3\" data-fill-mode=\"fit\"  >\n\t\t\t\t\t<img decoding=\"async\" src=\"https:\/\/taboaocalhas.com.br\/wp-content\/plugins\/master-slider\/public\/assets\/css\/blank.gif\" alt=\"\" title=\"\" data-src=\"https:\/\/taboaocalhas.com.br\/wp-content\/uploads\/2018\/11\/Grelha-invertida-branco.jpg\" \/>\n\n\t\t\t\t\t<div class=\"ms-info\"><span style=\"color: #ffff00;\">Grelha invertida branco<\/span><\/div>\n\n\n\t<img decoding=\"async\" class=\"ms-thumb\" src=\"https:\/\/taboaocalhas.com.br\/wp-content\/uploads\/2018\/11\/Grelha-invertida-branco-140x80.jpg\" alt=\"\" \/>\n\t<div class=\"ms-thumb\" ><div class=\"ms-tab-context\"><div class=&quot;ms-tab-context&quot;><\/div><\/div>\n<\/div>\n\t\t\t\t<\/div>\n\t\t\t\t<div  class=\"ms-slide\" data-delay=\"3\" data-fill-mode=\"fit\"  >\n\t\t\t\t\t<img decoding=\"async\" src=\"https:\/\/taboaocalhas.com.br\/wp-content\/plugins\/master-slider\/public\/assets\/css\/blank.gif\" alt=\"\" title=\"\" data-src=\"https:\/\/taboaocalhas.com.br\/wp-content\/uploads\/2018\/11\/Grelha-invertida-com-colarinho-2.jpg\" \/>\n\n\t\t\t\t\t<div class=\"ms-info\"><span style=\"color: #ffff00;\">Grelha invertida com colarinho<\/span><\/div>\n\n\n\t<img decoding=\"async\" class=\"ms-thumb\" src=\"https:\/\/taboaocalhas.com.br\/wp-content\/uploads\/2018\/11\/Grelha-invertida-com-colarinho-2-140x80.jpg\" alt=\"\" \/>\n\t<div class=\"ms-thumb\" ><div class=\"ms-tab-context\"><div class=&quot;ms-tab-context&quot;><\/div><\/div>\n<\/div>\n\t\t\t\t<\/div>\n\t\t\t\t<div  class=\"ms-slide\" data-delay=\"3\" data-fill-mode=\"fit\"  >\n\t\t\t\t\t<img decoding=\"async\" src=\"https:\/\/taboaocalhas.com.br\/wp-content\/plugins\/master-slider\/public\/assets\/css\/blank.gif\" alt=\"\" title=\"\" data-src=\"https:\/\/taboaocalhas.com.br\/wp-content\/uploads\/2018\/11\/Grelha-invertida-com-colarinho.jpg\" \/>\n\n\t\t\t\t\t<div class=\"ms-info\"><span style=\"color: #ffff00;\">Grelha invertida com colarinho<\/span><\/div>\n\n\n\t<img decoding=\"async\" class=\"ms-thumb\" src=\"https:\/\/taboaocalhas.com.br\/wp-content\/uploads\/2018\/11\/Grelha-invertida-com-colarinho-140x80.jpg\" alt=\"\" \/>\n\t<div class=\"ms-thumb\" ><div class=\"ms-tab-context\"><div class=&quot;ms-tab-context&quot;><\/div><\/div>\n<\/div>\n\t\t\t\t<\/div>\n\t\t\t\t<div  class=\"ms-slide\" data-delay=\"3\" data-fill-mode=\"fit\"  >\n\t\t\t\t\t<img decoding=\"async\" src=\"https:\/\/taboaocalhas.com.br\/wp-content\/plugins\/master-slider\/public\/assets\/css\/blank.gif\" alt=\"\" title=\"\" data-src=\"https:\/\/taboaocalhas.com.br\/wp-content\/uploads\/2018\/11\/Grelha-invertida.jpg\" \/>\n\n\t\t\t\t\t<div class=\"ms-info\"><span style=\"color: #ffff00;\">Grelha invertida<\/span><\/div>\n\n\n\t<img decoding=\"async\" class=\"ms-thumb\" src=\"https:\/\/taboaocalhas.com.br\/wp-content\/uploads\/2018\/11\/Grelha-invertida-140x80.jpg\" alt=\"\" \/>\n\t<div class=\"ms-thumb\" ><div class=\"ms-tab-context\"><div class=&quot;ms-tab-context&quot;><\/div><\/div>\n<\/div>\n\t\t\t\t<\/div>\n\n\t\t\t<\/div>\n\t\t\t<!-- END MasterSlider Main -->\n\n\t\t\t \n\t\t<\/div>\n\t\t<!-- END MasterSlider -->\n\n\t\t<script>\n\t\t(function ( $ ) {\n\t\t\t\"use strict\";\n\n\t\t\t$(function () {\n\t\t\t\tvar masterslider_08c2 = new MasterSlider();\n\n\t\t\t\t\/\/ slider controls\n\t\t\t\tmasterslider_08c2.control('arrows'     ,{ autohide:false, overVideo:true  });\t\t\t\tmasterslider_08c2.control('bullets'    ,{ autohide:false, overVideo:true, dir:'h', align:'bottom' , margin:10  });\n\n\t\t\t\tmasterslider_08c2.control('thumblist'  ,{ autohide:false, overVideo:true, dir:'h', speed:17, inset:false, arrows:false, hover:false, customClass:'', align:'bottom',type:'thumbs', margin:5, width:140, height:80, space:5, fillMode:'fill'  });\n\t\t\t\tmasterslider_08c2.control('slideinfo'  ,{ autohide:false, overVideo:true, dir:'h', align:'bottom',inset:false , margin:10   });\n\t\t\t\t\/\/ slider setup\n\t\t\t\tmasterslider_08c2.setup(\"MS6a079e8be08c2\", {\n\t\t\t\t\t\twidth           : 800,\n\t\t\t\t\t\theight          : 480,\n\t\t\t\t\t\tminHeight       : 0,\n\t\t\t\t\t\tspace           : 0,\n\t\t\t\t\t\tstart           : 1,\n\t\t\t\t\t\tgrabCursor      : true,\n\t\t\t\t\t\tswipe           : true,\n\t\t\t\t\t\tmouse           : true,\n\t\t\t\t\t\tlayout          : \"boxed\",\n\t\t\t\t\t\twheel           : false,\n\t\t\t\t\t\tautoplay        : false,\n\t\t\t\t\t\tinstantStartLayers:false,\n\t\t\t\t\t\tloop            : true,\n\t\t\t\t\t\tshuffle         : false,\n\t\t\t\t\t\tpreload         : 0,\n\t\t\t\t\t\theightLimit     : true,\n\t\t\t\t\t\tautoHeight      : false,\n\t\t\t\t\t\tsmoothHeight    : true,\n\t\t\t\t\t\tendPause        : false,\n\t\t\t\t\t\toverPause       : true,\n\t\t\t\t\t\tfillMode        : \"fill\",\n\t\t\t\t\t\tcenterControls  : true,\n\t\t\t\t\t\tstartOnAppear   : false,\n\t\t\t\t\t\tlayersMode      : \"center\",\n\t\t\t\t\t\thideLayers      : false,\n\t\t\t\t\t\tfullscreenMargin: 0,\n\t\t\t\t\t\tspeed           : 20,\n\t\t\t\t\t\tdir             : \"h\",\n\t\t\t\t\t\tparallaxMode    : 'swipe',\n\t\t\t\t\t\tview            : \"basic\"\n\t\t\t\t});\n\n\t\t\t\t\n\t\t\t\twindow.masterslider_instances = window.masterslider_instances || [];\n\t\t\t\twindow.masterslider_instances.push( masterslider_08c2 );\n\t\t\t });\n\n\t\t})(jQuery);\n\t\t<\/script>\n\n\n","protected":false},"excerpt":{"rendered":"<p>A Tabo\u00e3o Calhas produz v\u00e1rias modalidades de grelhas para atender as mais variadas aplica\u00e7\u00f5es:<\/p>\n","protected":false},"author":1,"featured_media":1220,"parent":0,"menu_order":0,"comment_status":"closed","ping_status":"closed","template":"","meta":{"footnotes":""},"class_list":["post-1212","page","type-page","status-publish","has-post-thumbnail","hentry"],"_links":{"self":[{"href":"https:\/\/taboaocalhas.com.br\/index.php\/wp-json\/wp\/v2\/pages\/1212"}],"collection":[{"href":"https:\/\/taboaocalhas.com.br\/index.php\/wp-json\/wp\/v2\/pages"}],"about":[{"href":"https:\/\/taboaocalhas.com.br\/index.php\/wp-json\/wp\/v2\/types\/page"}],"author":[{"embeddable":true,"href":"https:\/\/taboaocalhas.com.br\/index.php\/wp-json\/wp\/v2\/users\/1"}],"replies":[{"embeddable":true,"href":"https:\/\/taboaocalhas.com.br\/index.php\/wp-json\/wp\/v2\/comments?post=1212"}],"version-history":[{"count":1,"href":"https:\/\/taboaocalhas.com.br\/index.php\/wp-json\/wp\/v2\/pages\/1212\/revisions"}],"predecessor-version":[{"id":1222,"href":"https:\/\/taboaocalhas.com.br\/index.php\/wp-json\/wp\/v2\/pages\/1212\/revisions\/1222"}],"wp:featuredmedia":[{"embeddable":true,"href":"https:\/\/taboaocalhas.com.br\/index.php\/wp-json\/wp\/v2\/media\/1220"}],"wp:attachment":[{"href":"https:\/\/taboaocalhas.com.br\/index.php\/wp-json\/wp\/v2\/media?parent=1212"}],"curies":[{"name":"wp","href":"https:\/\/api.w.org\/{rel}","templated":true}]}}