{"id":1146,"date":"2018-11-21T14:23:24","date_gmt":"2018-11-21T17:23:24","guid":{"rendered":"http:\/\/taboaocalhas.com.br\/?page_id=1146"},"modified":"2018-11-21T14:28:24","modified_gmt":"2018-11-21T17:28:24","slug":"cabine-de-pintura","status":"publish","type":"page","link":"https:\/\/taboaocalhas.com.br\/index.php\/cabine-de-pintura\/","title":{"rendered":"CABINE DE PINTURA"},"content":{"rendered":"<p>Conhe\u00e7a nossas solu\u00e7\u00f5es para Cabines de Pintura:<\/p>\n\n\t\t<!-- MasterSlider -->\n\t\t<div id=\"P_MS69f7075c21a97\" class=\"master-slider-parent msl ms-parent-id-7\" style=\"max-width:800px;\"  >\n\n\t\t\t\n\t\t\t<!-- MasterSlider Main -->\n\t\t\t<div id=\"MS69f7075c21a97\" class=\"master-slider ms-skin-default\" >\n\t\t\t\t \t\t\t\t \n\t\t\t\t<div  class=\"ms-slide\" data-delay=\"3\" data-fill-mode=\"fill\"  >\n\t\t\t\t\t<img decoding=\"async\" src=\"https:\/\/taboaocalhas.com.br\/wp-content\/plugins\/master-slider\/public\/assets\/css\/blank.gif\" alt=\"\" title=\"\" data-src=\"https:\/\/taboaocalhas.com.br\/wp-content\/uploads\/2018\/11\/Cabine-de-pintura-com-filtro.jpg\" \/>\n\n\t\t\t\t\t<div class=\"ms-info\"><span style=\"color: #ffff00;\">Cabine de pintura com filtro<\/span><\/div>\n\n\n\t<img decoding=\"async\" class=\"ms-thumb\" src=\"https:\/\/taboaocalhas.com.br\/wp-content\/uploads\/2018\/11\/Cabine-de-pintura-com-filtro-140x80.jpg\" alt=\"\" \/>\n\t<div class=\"ms-thumb\" ><div class=\"ms-tab-context\"><div class=&quot;ms-tab-context&quot;><\/div><\/div>\n<\/div>\n\t\t\t\t<\/div>\n\t\t\t\t<div  class=\"ms-slide\" data-delay=\"3\" data-fill-mode=\"fit\"  >\n\t\t\t\t\t<img decoding=\"async\" src=\"https:\/\/taboaocalhas.com.br\/wp-content\/plugins\/master-slider\/public\/assets\/css\/blank.gif\" alt=\"\" title=\"\" data-src=\"https:\/\/taboaocalhas.com.br\/wp-content\/uploads\/2018\/11\/Cabine-de-pintura-com-motor-industrial.jpg\" \/>\n\n\t\t\t\t\t<div class=\"ms-info\"><span style=\"color: #ffff00;\">Cabine de pintura com motor industrial<\/span><\/div>\n\n\n\t<img decoding=\"async\" class=\"ms-thumb\" src=\"https:\/\/taboaocalhas.com.br\/wp-content\/uploads\/2018\/11\/Cabine-de-pintura-com-motor-industrial-140x80.jpg\" alt=\"\" \/>\n\t<div class=\"ms-thumb\" ><div class=\"ms-tab-context\"><div class=&quot;ms-tab-context&quot;><\/div><\/div>\n<\/div>\n\t\t\t\t<\/div>\n\t\t\t\t<div  class=\"ms-slide\" data-delay=\"3\" data-fill-mode=\"fit\"  >\n\t\t\t\t\t<img decoding=\"async\" src=\"https:\/\/taboaocalhas.com.br\/wp-content\/plugins\/master-slider\/public\/assets\/css\/blank.gif\" alt=\"\" title=\"\" data-src=\"https:\/\/taboaocalhas.com.br\/wp-content\/uploads\/2018\/11\/Cabine-prote\u00e7\u00e3o-m\u00e1quina-em-ferro-tubular-e-revestimento-em-chapa-galvanizada.jpg\" \/>\n\n\t\t\t\t\t<div class=\"ms-info\"><span style=\"color: #ffff00;\">Cabine prote\u00e7\u00e3o m\u00e1quina em ferro tubular e revestimento em chapa galvanizada<\/span><\/div>\n\n\n\t<img decoding=\"async\" class=\"ms-thumb\" src=\"https:\/\/taboaocalhas.com.br\/wp-content\/uploads\/2018\/11\/Cabine-prote\u00e7\u00e3o-m\u00e1quina-em-ferro-tubular-e-revestimento-em-chapa-galvanizada-140x80.jpg\" alt=\"\" \/>\n\t<div class=\"ms-thumb\" ><div class=\"ms-tab-context\"><div class=&quot;ms-tab-context&quot;><\/div><\/div>\n<\/div>\n\t\t\t\t<\/div>\n\t\t\t\t<div  class=\"ms-slide\" data-delay=\"3\" data-fill-mode=\"fit\"  >\n\t\t\t\t\t<img decoding=\"async\" src=\"https:\/\/taboaocalhas.com.br\/wp-content\/plugins\/master-slider\/public\/assets\/css\/blank.gif\" alt=\"\" title=\"\" data-src=\"https:\/\/taboaocalhas.com.br\/wp-content\/uploads\/2018\/11\/Cabine-prote\u00e7\u00e3o-m\u00e1quina-em-ferro-tubular-revestimento-em-chapa-galvanizada.jpg\" \/>\n\n\t\t\t\t\t<div class=\"ms-info\"><span style=\"color: #ffff00;\">Cabine prote\u00e7\u00e3o m\u00e1quina em ferro tubular revestimento em chapa galvanizada<\/span><\/div>\n\n\n\t<img decoding=\"async\" class=\"ms-thumb\" src=\"https:\/\/taboaocalhas.com.br\/wp-content\/uploads\/2018\/11\/Cabine-prote\u00e7\u00e3o-m\u00e1quina-em-ferro-tubular-revestimento-em-chapa-galvanizada-140x80.jpg\" alt=\"\" \/>\n\t<div class=\"ms-thumb\" ><div class=\"ms-tab-context\"><div class=&quot;ms-tab-context&quot;><\/div><\/div>\n<\/div>\n\t\t\t\t<\/div>\n\t\t\t\t<div  class=\"ms-slide\" data-delay=\"3\" data-fill-mode=\"fit\"  >\n\t\t\t\t\t<img decoding=\"async\" src=\"https:\/\/taboaocalhas.com.br\/wp-content\/plugins\/master-slider\/public\/assets\/css\/blank.gif\" alt=\"\" title=\"\" data-src=\"https:\/\/taboaocalhas.com.br\/wp-content\/uploads\/2018\/11\/Cabine-prote\u00e7\u00e3o-m\u00e1quina.jpg\" \/>\n\n\t\t\t\t\t<div class=\"ms-info\"><span style=\"color: #ffff00;\">Cabine prote\u00e7\u00e3o m\u00e1quina<\/span><\/div>\n\n\n\t<img decoding=\"async\" class=\"ms-thumb\" src=\"https:\/\/taboaocalhas.com.br\/wp-content\/uploads\/2018\/11\/Cabine-prote\u00e7\u00e3o-m\u00e1quina-140x80.jpg\" alt=\"\" \/>\n\t<div class=\"ms-thumb\" ><div class=\"ms-tab-context\"><div class=&quot;ms-tab-context&quot;><\/div><\/div>\n<\/div>\n\t\t\t\t<\/div>\n\t\t\t\t<div  class=\"ms-slide\" data-delay=\"3\" data-fill-mode=\"fit\"  >\n\t\t\t\t\t<img decoding=\"async\" src=\"https:\/\/taboaocalhas.com.br\/wp-content\/plugins\/master-slider\/public\/assets\/css\/blank.gif\" alt=\"\" title=\"\" data-src=\"https:\/\/taboaocalhas.com.br\/wp-content\/uploads\/2018\/11\/Filtro-cabine-de-pintura-em-tela-galvanizada.jpg\" \/>\n\n\t\t\t\t\t<div class=\"ms-info ms-info-empty\">&nbsp;<\/div>\n\n\n\t<img decoding=\"async\" class=\"ms-thumb\" src=\"https:\/\/taboaocalhas.com.br\/wp-content\/uploads\/2018\/11\/Filtro-cabine-de-pintura-em-tela-galvanizada-140x80.jpg\" alt=\"\" \/>\n\t<div class=\"ms-thumb\" ><div class=\"ms-tab-context\"><div class=&quot;ms-tab-context&quot;><\/div><\/div>\n<\/div>\n\t\t\t\t<\/div>\n\n\t\t\t<\/div>\n\t\t\t<!-- END MasterSlider Main -->\n\n\t\t\t \n\t\t<\/div>\n\t\t<!-- END MasterSlider -->\n\n\t\t<script>\n\t\t(function ( $ ) {\n\t\t\t\"use strict\";\n\n\t\t\t$(function () {\n\t\t\t\tvar masterslider_1a97 = new MasterSlider();\n\n\t\t\t\t\/\/ slider controls\n\t\t\t\tmasterslider_1a97.control('arrows'     ,{ autohide:false, overVideo:true  });\t\t\t\tmasterslider_1a97.control('bullets'    ,{ autohide:false, overVideo:true, dir:'h', align:'bottom' , margin:10  });\n\n\t\t\t\tmasterslider_1a97.control('thumblist'  ,{ autohide:false, overVideo:true, dir:'h', speed:17, inset:false, arrows:false, hover:false, customClass:'', align:'bottom',type:'thumbs', margin:5, width:140, height:80, space:5, fillMode:'fill'  });\n\t\t\t\tmasterslider_1a97.control('slideinfo'  ,{ autohide:false, overVideo:true, dir:'h', align:'bottom',inset:false , margin:10   });\n\t\t\t\t\/\/ slider setup\n\t\t\t\tmasterslider_1a97.setup(\"MS69f7075c21a97\", {\n\t\t\t\t\t\twidth           : 800,\n\t\t\t\t\t\theight          : 480,\n\t\t\t\t\t\tminHeight       : 0,\n\t\t\t\t\t\tspace           : 0,\n\t\t\t\t\t\tstart           : 1,\n\t\t\t\t\t\tgrabCursor      : true,\n\t\t\t\t\t\tswipe           : true,\n\t\t\t\t\t\tmouse           : true,\n\t\t\t\t\t\tlayout          : \"boxed\",\n\t\t\t\t\t\twheel           : false,\n\t\t\t\t\t\tautoplay        : false,\n\t\t\t\t\t\tinstantStartLayers:false,\n\t\t\t\t\t\tloop            : true,\n\t\t\t\t\t\tshuffle         : false,\n\t\t\t\t\t\tpreload         : 0,\n\t\t\t\t\t\theightLimit     : true,\n\t\t\t\t\t\tautoHeight      : false,\n\t\t\t\t\t\tsmoothHeight    : true,\n\t\t\t\t\t\tendPause        : false,\n\t\t\t\t\t\toverPause       : true,\n\t\t\t\t\t\tfillMode        : \"fill\",\n\t\t\t\t\t\tcenterControls  : true,\n\t\t\t\t\t\tstartOnAppear   : false,\n\t\t\t\t\t\tlayersMode      : \"center\",\n\t\t\t\t\t\thideLayers      : false,\n\t\t\t\t\t\tfullscreenMargin: 0,\n\t\t\t\t\t\tspeed           : 20,\n\t\t\t\t\t\tdir             : \"h\",\n\t\t\t\t\t\tparallaxMode    : 'swipe',\n\t\t\t\t\t\tview            : \"basic\"\n\t\t\t\t});\n\n\t\t\t\t\n\t\t\t\twindow.masterslider_instances = window.masterslider_instances || [];\n\t\t\t\twindow.masterslider_instances.push( masterslider_1a97 );\n\t\t\t });\n\n\t\t})(jQuery);\n\t\t<\/script>\n\n\n","protected":false},"excerpt":{"rendered":"<p>Conhe\u00e7a nossas solu\u00e7\u00f5es para Cabines de Pintura:<\/p>\n","protected":false},"author":1,"featured_media":1147,"parent":0,"menu_order":0,"comment_status":"closed","ping_status":"closed","template":"","meta":{"footnotes":""},"class_list":["post-1146","page","type-page","status-publish","has-post-thumbnail","hentry"],"_links":{"self":[{"href":"https:\/\/taboaocalhas.com.br\/index.php\/wp-json\/wp\/v2\/pages\/1146"}],"collection":[{"href":"https:\/\/taboaocalhas.com.br\/index.php\/wp-json\/wp\/v2\/pages"}],"about":[{"href":"https:\/\/taboaocalhas.com.br\/index.php\/wp-json\/wp\/v2\/types\/page"}],"author":[{"embeddable":true,"href":"https:\/\/taboaocalhas.com.br\/index.php\/wp-json\/wp\/v2\/users\/1"}],"replies":[{"embeddable":true,"href":"https:\/\/taboaocalhas.com.br\/index.php\/wp-json\/wp\/v2\/comments?post=1146"}],"version-history":[{"count":1,"href":"https:\/\/taboaocalhas.com.br\/index.php\/wp-json\/wp\/v2\/pages\/1146\/revisions"}],"predecessor-version":[{"id":1153,"href":"https:\/\/taboaocalhas.com.br\/index.php\/wp-json\/wp\/v2\/pages\/1146\/revisions\/1153"}],"wp:featuredmedia":[{"embeddable":true,"href":"https:\/\/taboaocalhas.com.br\/index.php\/wp-json\/wp\/v2\/media\/1147"}],"wp:attachment":[{"href":"https:\/\/taboaocalhas.com.br\/index.php\/wp-json\/wp\/v2\/media?parent=1146"}],"curies":[{"name":"wp","href":"https:\/\/api.w.org\/{rel}","templated":true}]}}