{"id":1083,"date":"2018-11-20T16:29:18","date_gmt":"2018-11-20T19:29:18","guid":{"rendered":"http:\/\/taboaocalhas.com.br\/?page_id=1083"},"modified":"2018-11-20T16:29:18","modified_gmt":"2018-11-20T19:29:18","slug":"caixas-para-aquecedor-a-gas","status":"publish","type":"page","link":"https:\/\/taboaocalhas.com.br\/index.php\/caixas-para-aquecedor-a-gas\/","title":{"rendered":"CAIXAS PARA AQUECEDOR A G\u00c1S"},"content":{"rendered":"<p>Veja nossas op\u00e7\u00f5es para Caixas de Aquecedor a G\u00e1s:<\/p>\n\n\t\t<!-- MasterSlider -->\n\t\t<div id=\"P_MS69e347a3d4be9\" class=\"master-slider-parent msl ms-parent-id-3\" style=\"max-width:800px;\"  >\n\n\t\t\t\n\t\t\t<!-- MasterSlider Main -->\n\t\t\t<div id=\"MS69e347a3d4be9\" class=\"master-slider ms-skin-default\" >\n\t\t\t\t \t\t\t\t \n\t\t\t\t<div  class=\"ms-slide\" data-delay=\"3\" data-fill-mode=\"fit\"  >\n\t\t\t\t\t<img decoding=\"async\" src=\"https:\/\/taboaocalhas.com.br\/wp-content\/plugins\/master-slider\/public\/assets\/css\/blank.gif\" alt=\"\" title=\"\" data-src=\"https:\/\/taboaocalhas.com.br\/wp-content\/uploads\/2018\/11\/A-Fixa\u00e7\u00e3o-caixa-abrigo.jpg\" \/>\n\n\t\t\t\t\t<div class=\"ms-info\"><span style=\"color: #ffff00;\">A - Fixa\u00e7\u00e3o caixa abrigo<\/span><\/div>\n\n\n\t<img decoding=\"async\" class=\"ms-thumb\" src=\"https:\/\/taboaocalhas.com.br\/wp-content\/uploads\/2018\/11\/A-Fixa\u00e7\u00e3o-caixa-abrigo-140x80.jpg\" alt=\"\" \/>\n\t<div class=\"ms-thumb\" ><div class=\"ms-tab-context\"><div class=&quot;ms-tab-context&quot;><\/div><\/div>\n<\/div>\n\t\t\t\t<\/div>\n\t\t\t\t<div  class=\"ms-slide\" data-delay=\"3\" data-fill-mode=\"fit\"  >\n\t\t\t\t\t<img decoding=\"async\" src=\"https:\/\/taboaocalhas.com.br\/wp-content\/plugins\/master-slider\/public\/assets\/css\/blank.gif\" alt=\"\" title=\"\" data-src=\"https:\/\/taboaocalhas.com.br\/wp-content\/uploads\/2018\/11\/B-Fixa\u00e7\u00e3o-caixa-abrigo.jpg\" \/>\n\n\t\t\t\t\t<div class=\"ms-info\"><span style=\"color: #ffff00;\">\u00a0B - Fixa\u00e7\u00e3o caixa abrigo<\/span><\/div>\n\n\n\t<img decoding=\"async\" class=\"ms-thumb\" src=\"https:\/\/taboaocalhas.com.br\/wp-content\/uploads\/2018\/11\/B-Fixa\u00e7\u00e3o-caixa-abrigo-140x80.jpg\" alt=\"\" \/>\n\t<div class=\"ms-thumb\" ><div class=\"ms-tab-context\"><div class=&quot;ms-tab-context&quot;><\/div><\/div>\n<\/div>\n\t\t\t\t<\/div>\n\t\t\t\t<div  class=\"ms-slide\" data-delay=\"3\" data-fill-mode=\"fit\"  >\n\t\t\t\t\t<img decoding=\"async\" src=\"https:\/\/taboaocalhas.com.br\/wp-content\/plugins\/master-slider\/public\/assets\/css\/blank.gif\" alt=\"\" title=\"\" data-src=\"https:\/\/taboaocalhas.com.br\/wp-content\/uploads\/2018\/11\/C-Fixa\u00e7\u00e3o-caixa-abrigo.jpg\" \/>\n\n\t\t\t\t\t<div class=\"ms-info\"><span style=\"color: #ffff00;\">C - Fixa\u00e7\u00e3o caixa abrigo<\/span><\/div>\n\n\n\t<img decoding=\"async\" class=\"ms-thumb\" src=\"https:\/\/taboaocalhas.com.br\/wp-content\/uploads\/2018\/11\/C-Fixa\u00e7\u00e3o-caixa-abrigo-140x80.jpg\" alt=\"\" \/>\n\t<div class=\"ms-thumb\" ><div class=\"ms-tab-context\"><div class=&quot;ms-tab-context&quot;><\/div><\/div>\n<\/div>\n\t\t\t\t<\/div>\n\t\t\t\t<div  class=\"ms-slide\" data-delay=\"3\" data-fill-mode=\"fit\"  >\n\t\t\t\t\t<img decoding=\"async\" src=\"https:\/\/taboaocalhas.com.br\/wp-content\/plugins\/master-slider\/public\/assets\/css\/blank.gif\" alt=\"\" title=\"\" data-src=\"https:\/\/taboaocalhas.com.br\/wp-content\/uploads\/2018\/11\/Caixa-abrigo-galvanizada-frente.jpg\" \/>\n\n\t\t\t\t\t<div class=\"ms-info\"><span style=\"color: #ffff00;\">Caixa abrigo galvanizada frente<\/span><\/div>\n\n\n\t<img decoding=\"async\" class=\"ms-thumb\" src=\"https:\/\/taboaocalhas.com.br\/wp-content\/uploads\/2018\/11\/Caixa-abrigo-galvanizada-frente-140x80.jpg\" alt=\"\" \/>\n\t<div class=\"ms-thumb\" ><div class=\"ms-tab-context\"><div class=&quot;ms-tab-context&quot;><\/div><\/div>\n<\/div>\n\t\t\t\t<\/div>\n\t\t\t\t<div  class=\"ms-slide\" data-delay=\"3\" data-fill-mode=\"fit\"  >\n\t\t\t\t\t<img decoding=\"async\" src=\"https:\/\/taboaocalhas.com.br\/wp-content\/plugins\/master-slider\/public\/assets\/css\/blank.gif\" alt=\"\" title=\"\" data-src=\"https:\/\/taboaocalhas.com.br\/wp-content\/uploads\/2018\/11\/Caixa-abrigo-galvanizada-vista-fundo.jpg\" \/>\n\n\t\t\t\t\t<div class=\"ms-info\"><span style=\"color: #ffff00;\">Caixa abrigo galvanizada vista fundo<\/span><\/div>\n\n\n\t<img decoding=\"async\" class=\"ms-thumb\" src=\"https:\/\/taboaocalhas.com.br\/wp-content\/uploads\/2018\/11\/Caixa-abrigo-galvanizada-vista-fundo-140x80.jpg\" alt=\"\" \/>\n\t<div class=\"ms-thumb\" ><div class=\"ms-tab-context\"><div class=&quot;ms-tab-context&quot;><\/div><\/div>\n<\/div>\n\t\t\t\t<\/div>\n\t\t\t\t<div  class=\"ms-slide\" data-delay=\"3\" data-fill-mode=\"fit\"  >\n\t\t\t\t\t<img decoding=\"async\" src=\"https:\/\/taboaocalhas.com.br\/wp-content\/plugins\/master-slider\/public\/assets\/css\/blank.gif\" alt=\"\" title=\"\" data-src=\"https:\/\/taboaocalhas.com.br\/wp-content\/uploads\/2018\/11\/Caixa-abrigo-para-aquecedor-\u00e0-g\u00e1s-eletrop\u00f3-branca.jpg\" \/>\n\n\t\t\t\t\t<div class=\"ms-info\"><span style=\"color: #ffff00;\">Caixa abrigo para aquecedor \u00e0 g\u00e1s - eletrop\u00f3 branca<\/span><\/div>\n\n\n\t<img decoding=\"async\" class=\"ms-thumb\" src=\"https:\/\/taboaocalhas.com.br\/wp-content\/uploads\/2018\/11\/Caixa-abrigo-para-aquecedor-\u00e0-g\u00e1s-eletrop\u00f3-branca-140x80.jpg\" alt=\"\" \/>\n\t<div class=\"ms-thumb\" ><div class=\"ms-tab-context\"><div class=&quot;ms-tab-context&quot;><\/div><\/div>\n<\/div>\n\t\t\t\t<\/div>\n\t\t\t\t<div  class=\"ms-slide\" data-delay=\"3\" data-fill-mode=\"fit\"  >\n\t\t\t\t\t<img decoding=\"async\" src=\"https:\/\/taboaocalhas.com.br\/wp-content\/plugins\/master-slider\/public\/assets\/css\/blank.gif\" alt=\"\" title=\"\" data-src=\"https:\/\/taboaocalhas.com.br\/wp-content\/uploads\/2018\/11\/Caixa-abrigo-para-aquecedor-\u00e0-g\u00e1s-eletrop\u00f3-preto.jpg\" \/>\n\n\t\t\t\t\t<div class=\"ms-info\"><span style=\"color: #ffff00;\">Caixa abrigo para aquecedor \u00e0 g\u00e1s - eletrop\u00f3 preto<\/span><\/div>\n\n\n\t<img decoding=\"async\" class=\"ms-thumb\" src=\"https:\/\/taboaocalhas.com.br\/wp-content\/uploads\/2018\/11\/Caixa-abrigo-para-aquecedor-\u00e0-g\u00e1s-eletrop\u00f3-preto-140x80.jpg\" alt=\"\" \/>\n\t<div class=\"ms-thumb\" ><div class=\"ms-tab-context\"><div class=&quot;ms-tab-context&quot;><\/div><\/div>\n<\/div>\n\t\t\t\t<\/div>\n\t\t\t\t<div  class=\"ms-slide\" data-delay=\"3\" data-fill-mode=\"fit\"  >\n\t\t\t\t\t<img decoding=\"async\" src=\"https:\/\/taboaocalhas.com.br\/wp-content\/plugins\/master-slider\/public\/assets\/css\/blank.gif\" alt=\"\" title=\"\" data-src=\"https:\/\/taboaocalhas.com.br\/wp-content\/uploads\/2018\/11\/Caixa-abrigo-para-aquecedor-\u00e0-gas-vista-lateral.jpg\" \/>\n\n\t\t\t\t\t<div class=\"ms-info\"><span style=\"color: #ffff00;\">Caixa abrigo para aquecedor \u00e0 gas - vista lateral<\/span><\/div>\n\n\n\t<img decoding=\"async\" class=\"ms-thumb\" src=\"https:\/\/taboaocalhas.com.br\/wp-content\/uploads\/2018\/11\/Caixa-abrigo-para-aquecedor-\u00e0-gas-vista-lateral-140x80.jpg\" alt=\"\" \/>\n\t<div class=\"ms-thumb\" ><div class=\"ms-tab-context\"><div class=&quot;ms-tab-context&quot;><\/div><\/div>\n<\/div>\n\t\t\t\t<\/div>\n\t\t\t\t<div  class=\"ms-slide\" data-delay=\"3\" data-fill-mode=\"fit\"  >\n\t\t\t\t\t<img decoding=\"async\" src=\"https:\/\/taboaocalhas.com.br\/wp-content\/plugins\/master-slider\/public\/assets\/css\/blank.gif\" alt=\"\" title=\"\" data-src=\"https:\/\/taboaocalhas.com.br\/wp-content\/uploads\/2018\/11\/D-Fixa\u00e7\u00e3o-caixa-abrigo.jpg\" \/>\n\n\t\t\t\t\t<div class=\"ms-info\"><span style=\"color: #ffff00;\">D - Fixa\u00e7\u00e3o caixa abrigo<\/span><\/div>\n\n\n\t<img decoding=\"async\" class=\"ms-thumb\" src=\"https:\/\/taboaocalhas.com.br\/wp-content\/uploads\/2018\/11\/D-Fixa\u00e7\u00e3o-caixa-abrigo-140x80.jpg\" alt=\"\" \/>\n\t<div class=\"ms-thumb\" ><div class=\"ms-tab-context\"><div class=&quot;ms-tab-context&quot;><\/div><\/div>\n<\/div>\n\t\t\t\t<\/div>\n\n\t\t\t<\/div>\n\t\t\t<!-- END MasterSlider Main -->\n\n\t\t\t \n\t\t<\/div>\n\t\t<!-- END MasterSlider -->\n\n\t\t<script>\n\t\t(function ( $ ) {\n\t\t\t\"use strict\";\n\n\t\t\t$(function () {\n\t\t\t\tvar masterslider_4be9 = new MasterSlider();\n\n\t\t\t\t\/\/ slider controls\n\t\t\t\tmasterslider_4be9.control('arrows'     ,{ autohide:false, overVideo:true  });\t\t\t\tmasterslider_4be9.control('bullets'    ,{ autohide:false, overVideo:true, dir:'h', align:'bottom' , margin:10  });\n\n\t\t\t\tmasterslider_4be9.control('thumblist'  ,{ autohide:false, overVideo:true, dir:'h', speed:17, inset:false, arrows:false, hover:false, customClass:'', align:'bottom',type:'thumbs', margin:5, width:140, height:80, space:5, fillMode:'fill'  });\n\t\t\t\tmasterslider_4be9.control('slideinfo'  ,{ autohide:false, overVideo:true, dir:'h', align:'bottom',inset:false , margin:10   });\n\t\t\t\t\/\/ slider setup\n\t\t\t\tmasterslider_4be9.setup(\"MS69e347a3d4be9\", {\n\t\t\t\t\t\twidth           : 800,\n\t\t\t\t\t\theight          : 480,\n\t\t\t\t\t\tminHeight       : 0,\n\t\t\t\t\t\tspace           : 0,\n\t\t\t\t\t\tstart           : 1,\n\t\t\t\t\t\tgrabCursor      : true,\n\t\t\t\t\t\tswipe           : true,\n\t\t\t\t\t\tmouse           : true,\n\t\t\t\t\t\tlayout          : \"boxed\",\n\t\t\t\t\t\twheel           : false,\n\t\t\t\t\t\tautoplay        : false,\n\t\t\t\t\t\tinstantStartLayers:false,\n\t\t\t\t\t\tloop            : true,\n\t\t\t\t\t\tshuffle         : false,\n\t\t\t\t\t\tpreload         : 0,\n\t\t\t\t\t\theightLimit     : true,\n\t\t\t\t\t\tautoHeight      : false,\n\t\t\t\t\t\tsmoothHeight    : true,\n\t\t\t\t\t\tendPause        : false,\n\t\t\t\t\t\toverPause       : true,\n\t\t\t\t\t\tfillMode        : \"fill\",\n\t\t\t\t\t\tcenterControls  : true,\n\t\t\t\t\t\tstartOnAppear   : false,\n\t\t\t\t\t\tlayersMode      : \"center\",\n\t\t\t\t\t\thideLayers      : false,\n\t\t\t\t\t\tfullscreenMargin: 0,\n\t\t\t\t\t\tspeed           : 20,\n\t\t\t\t\t\tdir             : \"h\",\n\t\t\t\t\t\tparallaxMode    : 'swipe',\n\t\t\t\t\t\tview            : \"basic\"\n\t\t\t\t});\n\n\t\t\t\t\n\t\t\t\twindow.masterslider_instances = window.masterslider_instances || [];\n\t\t\t\twindow.masterslider_instances.push( masterslider_4be9 );\n\t\t\t });\n\n\t\t})(jQuery);\n\t\t<\/script>\n\n\n<p>&nbsp;<\/p>\n","protected":false},"excerpt":{"rendered":"<p>Veja nossas op\u00e7\u00f5es para Caixas de Aquecedor a G\u00e1s: &nbsp;<\/p>\n","protected":false},"author":1,"featured_media":1086,"parent":0,"menu_order":0,"comment_status":"closed","ping_status":"closed","template":"","meta":{"footnotes":""},"class_list":["post-1083","page","type-page","status-publish","has-post-thumbnail","hentry"],"_links":{"self":[{"href":"https:\/\/taboaocalhas.com.br\/index.php\/wp-json\/wp\/v2\/pages\/1083"}],"collection":[{"href":"https:\/\/taboaocalhas.com.br\/index.php\/wp-json\/wp\/v2\/pages"}],"about":[{"href":"https:\/\/taboaocalhas.com.br\/index.php\/wp-json\/wp\/v2\/types\/page"}],"author":[{"embeddable":true,"href":"https:\/\/taboaocalhas.com.br\/index.php\/wp-json\/wp\/v2\/users\/1"}],"replies":[{"embeddable":true,"href":"https:\/\/taboaocalhas.com.br\/index.php\/wp-json\/wp\/v2\/comments?post=1083"}],"version-history":[{"count":1,"href":"https:\/\/taboaocalhas.com.br\/index.php\/wp-json\/wp\/v2\/pages\/1083\/revisions"}],"predecessor-version":[{"id":1093,"href":"https:\/\/taboaocalhas.com.br\/index.php\/wp-json\/wp\/v2\/pages\/1083\/revisions\/1093"}],"wp:featuredmedia":[{"embeddable":true,"href":"https:\/\/taboaocalhas.com.br\/index.php\/wp-json\/wp\/v2\/media\/1086"}],"wp:attachment":[{"href":"https:\/\/taboaocalhas.com.br\/index.php\/wp-json\/wp\/v2\/media?parent=1083"}],"curies":[{"name":"wp","href":"https:\/\/api.w.org\/{rel}","templated":true}]}}