{"id":1071,"date":"2018-11-20T15:27:09","date_gmt":"2018-11-20T18:27:09","guid":{"rendered":"http:\/\/taboaocalhas.com.br\/?page_id=1071"},"modified":"2018-11-20T15:28:38","modified_gmt":"2018-11-20T18:28:38","slug":"calhas-2","status":"publish","type":"page","link":"https:\/\/taboaocalhas.com.br\/index.php\/calhas-2\/","title":{"rendered":"CALHAS"},"content":{"rendered":"<p>Conhe\u00e7a nossas CALHAS, fabrica\u00e7\u00e3o pr\u00f3pria, na medida e especifica\u00e7\u00f5es que o seu projeto exige:<\/p>\n\n\t\t<!-- MasterSlider -->\n\t\t<div id=\"P_MS6a079e8bdfbe1\" class=\"master-slider-parent msl ms-parent-id-2\" style=\"max-width:945px;\"  >\n\n\t\t\t\n\t\t\t<!-- MasterSlider Main -->\n\t\t\t<div id=\"MS6a079e8bdfbe1\" class=\"master-slider ms-skin-default\" >\n\t\t\t\t \t\t\t\t \n\t\t\t\t<div  class=\"ms-slide\" data-delay=\"3\" data-fill-mode=\"fit\"  >\n\t\t\t\t\t<img decoding=\"async\" src=\"https:\/\/taboaocalhas.com.br\/wp-content\/plugins\/master-slider\/public\/assets\/css\/blank.gif\" alt=\"\" title=\"\" data-src=\"https:\/\/taboaocalhas.com.br\/wp-content\/uploads\/2018\/11\/Calhas-com-corrente.jpg\" \/>\n\n\t\t\t\t\t<div class=\"ms-info\"><span style=\"color: #ffff00;\">Calhas com corrente<\/span><\/div>\n\n\n\t<img decoding=\"async\" class=\"ms-thumb\" src=\"https:\/\/taboaocalhas.com.br\/wp-content\/uploads\/2018\/11\/Calhas-com-corrente-140x80.jpg\" alt=\"\" \/>\n\t<div class=\"ms-thumb\" ><div class=\"ms-tab-context\"><div class=&quot;ms-tab-context&quot;><\/div><\/div>\n<\/div>\n\t\t\t\t<\/div>\n\t\t\t\t<div  class=\"ms-slide\" data-delay=\"3\" data-fill-mode=\"fit\"  >\n\t\t\t\t\t<img decoding=\"async\" src=\"https:\/\/taboaocalhas.com.br\/wp-content\/plugins\/master-slider\/public\/assets\/css\/blank.gif\" alt=\"\" title=\"\" data-src=\"https:\/\/taboaocalhas.com.br\/wp-content\/uploads\/2018\/11\/calhas-com-pintura.jpg\" \/>\n\n\t\t\t\t\t<div class=\"ms-info\"><span style=\"color: #ffff00;\">Calhas com pintura<\/span><\/div>\n\n\n\t<img decoding=\"async\" class=\"ms-thumb\" src=\"https:\/\/taboaocalhas.com.br\/wp-content\/uploads\/2018\/11\/calhas-com-pintura-140x80.jpg\" alt=\"\" \/>\n\t<div class=\"ms-thumb\" ><div class=\"ms-tab-context\"><div class=&quot;ms-tab-context&quot;><\/div><\/div>\n<\/div>\n\t\t\t\t<\/div>\n\t\t\t\t<div  class=\"ms-slide\" data-delay=\"3\" data-fill-mode=\"fit\"  >\n\t\t\t\t\t<img decoding=\"async\" src=\"https:\/\/taboaocalhas.com.br\/wp-content\/plugins\/master-slider\/public\/assets\/css\/blank.gif\" alt=\"\" title=\"\" data-src=\"https:\/\/taboaocalhas.com.br\/wp-content\/uploads\/2018\/11\/A-Suporte-para-Calha.jpg\" \/>\n\n\t\t\t\t\t<div class=\"ms-info\"><span style=\"color: #ffff00;\">A - Suporte para Calha<\/span><\/div>\n\n\n\t<img decoding=\"async\" class=\"ms-thumb\" src=\"https:\/\/taboaocalhas.com.br\/wp-content\/uploads\/2018\/11\/A-Suporte-para-Calha-140x80.jpg\" alt=\"\" \/>\n\t<div class=\"ms-thumb\" ><div class=\"ms-tab-context\"><div class=&quot;ms-tab-context&quot;><\/div><\/div>\n<\/div>\n\t\t\t\t<\/div>\n\t\t\t\t<div  class=\"ms-slide\" data-delay=\"3\" data-fill-mode=\"fit\"  >\n\t\t\t\t\t<img decoding=\"async\" src=\"https:\/\/taboaocalhas.com.br\/wp-content\/plugins\/master-slider\/public\/assets\/css\/blank.gif\" alt=\"\" title=\"\" data-src=\"https:\/\/taboaocalhas.com.br\/wp-content\/uploads\/2018\/11\/B-Suporte-para-Calha.jpg\" \/>\n\n\t\t\t\t\t<div class=\"ms-info\"><span style=\"color: #ffff00;\">B - Suporte para Calha<\/span><\/div>\n\n\n\t<img decoding=\"async\" class=\"ms-thumb\" src=\"https:\/\/taboaocalhas.com.br\/wp-content\/uploads\/2018\/11\/B-Suporte-para-Calha-140x80.jpg\" alt=\"\" \/>\n\t<div class=\"ms-thumb\" ><div class=\"ms-tab-context\"><div class=&quot;ms-tab-context&quot;><\/div><\/div>\n<\/div>\n\t\t\t\t<\/div>\n\t\t\t\t<div  class=\"ms-slide\" data-delay=\"3\" data-fill-mode=\"fit\"  >\n\t\t\t\t\t<img decoding=\"async\" src=\"https:\/\/taboaocalhas.com.br\/wp-content\/plugins\/master-slider\/public\/assets\/css\/blank.gif\" alt=\"\" title=\"\" data-src=\"https:\/\/taboaocalhas.com.br\/wp-content\/uploads\/2018\/11\/C-Suporte-para-calha.jpg\" \/>\n\n\t\t\t\t\t<div class=\"ms-info\"><span style=\"color: #ffff00;\">C- Suporte para calha<\/span><\/div>\n\n\n\t<img decoding=\"async\" class=\"ms-thumb\" src=\"https:\/\/taboaocalhas.com.br\/wp-content\/uploads\/2018\/11\/C-Suporte-para-calha-140x80.jpg\" alt=\"\" \/>\n\t<div class=\"ms-thumb\" ><div class=\"ms-tab-context\"><div class=&quot;ms-tab-context&quot;><\/div><\/div>\n<\/div>\n\t\t\t\t<\/div>\n\t\t\t\t<div  class=\"ms-slide\" data-delay=\"3\" data-fill-mode=\"fit\"  >\n\t\t\t\t\t<img decoding=\"async\" src=\"https:\/\/taboaocalhas.com.br\/wp-content\/plugins\/master-slider\/public\/assets\/css\/blank.gif\" alt=\"\" title=\"\" data-src=\"https:\/\/taboaocalhas.com.br\/wp-content\/uploads\/2018\/11\/Caixa-Acumula\u00e7\u00e3o-2.jpg\" \/>\n\n\t\t\t\t\t<div class=\"ms-info\"><span style=\"color: #ffff00;\">Caixa Acumula\u00e7\u00e3o (2)<\/span><\/div>\n\n\n\t<img decoding=\"async\" class=\"ms-thumb\" src=\"https:\/\/taboaocalhas.com.br\/wp-content\/uploads\/2018\/11\/Caixa-Acumula\u00e7\u00e3o-2-140x80.jpg\" alt=\"\" \/>\n\t<div class=\"ms-thumb\" ><div class=\"ms-tab-context\"><div class=&quot;ms-tab-context&quot;><\/div><\/div>\n<\/div>\n\t\t\t\t<\/div>\n\t\t\t\t<div  class=\"ms-slide\" data-delay=\"3\" data-fill-mode=\"fit\"  >\n\t\t\t\t\t<img decoding=\"async\" src=\"https:\/\/taboaocalhas.com.br\/wp-content\/plugins\/master-slider\/public\/assets\/css\/blank.gif\" alt=\"\" title=\"\" data-src=\"https:\/\/taboaocalhas.com.br\/wp-content\/uploads\/2018\/11\/Caixa-Acumula\u00e7\u00e3o.jpg\" \/>\n\n\t\t\t\t\t<div class=\"ms-info\"><span style=\"color: #ffff00;\">Caixa Acumula\u00e7\u00e3o<\/span><\/div>\n\n\n\t<img decoding=\"async\" class=\"ms-thumb\" src=\"https:\/\/taboaocalhas.com.br\/wp-content\/uploads\/2018\/11\/Caixa-Acumula\u00e7\u00e3o-140x80.jpg\" alt=\"\" \/>\n\t<div class=\"ms-thumb\" ><div class=\"ms-tab-context\"><div class=&quot;ms-tab-context&quot;><\/div><\/div>\n<\/div>\n\t\t\t\t<\/div>\n\t\t\t\t<div  class=\"ms-slide\" data-delay=\"3\" data-fill-mode=\"fit\"  >\n\t\t\t\t\t<img decoding=\"async\" src=\"https:\/\/taboaocalhas.com.br\/wp-content\/plugins\/master-slider\/public\/assets\/css\/blank.gif\" alt=\"\" title=\"\" data-src=\"https:\/\/taboaocalhas.com.br\/wp-content\/uploads\/2018\/11\/Calha-com-corrente-com-pintura-eletropo.jpg\" \/>\n\n\t\t\t\t\t<div class=\"ms-info\"><span style=\"color: #ffff00;\">Calha com corrente com pintura eletropo<\/span><\/div>\n\n\n\t<img decoding=\"async\" class=\"ms-thumb\" src=\"https:\/\/taboaocalhas.com.br\/wp-content\/uploads\/2018\/11\/Calha-com-corrente-com-pintura-eletropo-140x80.jpg\" alt=\"\" \/>\n\t<div class=\"ms-thumb\" ><div class=\"ms-tab-context\"><div class=&quot;ms-tab-context&quot;><\/div><\/div>\n<\/div>\n\t\t\t\t<\/div>\n\t\t\t\t<div  class=\"ms-slide\" data-delay=\"3\" data-fill-mode=\"fit\"  >\n\t\t\t\t\t<img decoding=\"async\" src=\"https:\/\/taboaocalhas.com.br\/wp-content\/plugins\/master-slider\/public\/assets\/css\/blank.gif\" alt=\"\" title=\"\" data-src=\"https:\/\/taboaocalhas.com.br\/wp-content\/uploads\/2018\/11\/Calha-com-pintura-eletropo.jpg\" \/>\n\n\t\t\t\t\t<div class=\"ms-info\"><span style=\"color: #ffff00;\">Calha com pintura eletropo<\/span><\/div>\n\n\n\t<img decoding=\"async\" class=\"ms-thumb\" src=\"https:\/\/taboaocalhas.com.br\/wp-content\/uploads\/2018\/11\/Calha-com-pintura-eletropo-140x80.jpg\" alt=\"\" \/>\n\t<div class=\"ms-thumb\" ><div class=\"ms-tab-context\"><div class=&quot;ms-tab-context&quot;><\/div><\/div>\n<\/div>\n\t\t\t\t<\/div>\n\t\t\t\t<div  class=\"ms-slide\" data-delay=\"3\" data-fill-mode=\"fit\"  >\n\t\t\t\t\t<img decoding=\"async\" src=\"https:\/\/taboaocalhas.com.br\/wp-content\/plugins\/master-slider\/public\/assets\/css\/blank.gif\" alt=\"\" title=\"\" data-src=\"https:\/\/taboaocalhas.com.br\/wp-content\/uploads\/2018\/11\/Calha-de-Beiral.jpg\" \/>\n\n\t\t\t\t\t<div class=\"ms-info\"><span style=\"color: #ffff00;\">Calha de Beiral<\/span><\/div>\n\n\n\t<img decoding=\"async\" class=\"ms-thumb\" src=\"https:\/\/taboaocalhas.com.br\/wp-content\/uploads\/2018\/11\/Calha-de-Beiral-140x80.jpg\" alt=\"\" \/>\n\t<div class=\"ms-thumb\" ><div class=\"ms-tab-context\"><div class=&quot;ms-tab-context&quot;><\/div><\/div>\n<\/div>\n\t\t\t\t<\/div>\n\n\t\t\t<\/div>\n\t\t\t<!-- END MasterSlider Main -->\n\n\t\t\t \n\t\t<\/div>\n\t\t<!-- END MasterSlider -->\n\n\t\t<script>\n\t\t(function ( $ ) {\n\t\t\t\"use strict\";\n\n\t\t\t$(function () {\n\t\t\t\tvar masterslider_fbe1 = new MasterSlider();\n\n\t\t\t\t\/\/ slider controls\n\t\t\t\tmasterslider_fbe1.control('arrows'     ,{ autohide:false, overVideo:true  });\t\t\t\tmasterslider_fbe1.control('bullets'    ,{ autohide:false, overVideo:true, dir:'h', align:'bottom' , margin:10  });\n\n\t\t\t\tmasterslider_fbe1.control('thumblist'  ,{ autohide:false, overVideo:true, dir:'v', speed:17, inset:false, arrows:false, hover:false, customClass:'', align:'right',type:'thumbs', margin:5, width:140, height:80, space:5, fillMode:'fill'  });\n\t\t\t\tmasterslider_fbe1.control('slideinfo'  ,{ autohide:false, overVideo:true, dir:'h', align:'bottom',inset:false , margin:10   });\n\t\t\t\t\/\/ slider setup\n\t\t\t\tmasterslider_fbe1.setup(\"MS6a079e8bdfbe1\", {\n\t\t\t\t\t\twidth           : 800,\n\t\t\t\t\t\theight          : 480,\n\t\t\t\t\t\tminHeight       : 0,\n\t\t\t\t\t\tspace           : 0,\n\t\t\t\t\t\tstart           : 1,\n\t\t\t\t\t\tgrabCursor      : true,\n\t\t\t\t\t\tswipe           : true,\n\t\t\t\t\t\tmouse           : true,\n\t\t\t\t\t\tlayout          : \"boxed\",\n\t\t\t\t\t\twheel           : false,\n\t\t\t\t\t\tautoplay        : false,\n\t\t\t\t\t\tinstantStartLayers:false,\n\t\t\t\t\t\tloop            : true,\n\t\t\t\t\t\tshuffle         : false,\n\t\t\t\t\t\tpreload         : 0,\n\t\t\t\t\t\theightLimit     : true,\n\t\t\t\t\t\tautoHeight      : false,\n\t\t\t\t\t\tsmoothHeight    : true,\n\t\t\t\t\t\tendPause        : false,\n\t\t\t\t\t\toverPause       : true,\n\t\t\t\t\t\tfillMode        : \"fill\",\n\t\t\t\t\t\tcenterControls  : true,\n\t\t\t\t\t\tstartOnAppear   : false,\n\t\t\t\t\t\tlayersMode      : \"center\",\n\t\t\t\t\t\thideLayers      : false,\n\t\t\t\t\t\tfullscreenMargin: 0,\n\t\t\t\t\t\tspeed           : 20,\n\t\t\t\t\t\tdir             : \"h\",\n\t\t\t\t\t\tparallaxMode    : 'swipe',\n\t\t\t\t\t\tview            : \"basic\"\n\t\t\t\t});\n\n\t\t\t\t\n\t\t\t\twindow.masterslider_instances = window.masterslider_instances || [];\n\t\t\t\twindow.masterslider_instances.push( masterslider_fbe1 );\n\t\t\t });\n\n\t\t})(jQuery);\n\t\t<\/script>\n\n\n","protected":false},"excerpt":{"rendered":"<p>Conhe\u00e7a nossas CALHAS, fabrica\u00e7\u00e3o pr\u00f3pria, na medida e especifica\u00e7\u00f5es que o seu projeto exige:<\/p>\n","protected":false},"author":1,"featured_media":1081,"parent":0,"menu_order":0,"comment_status":"closed","ping_status":"closed","template":"","meta":{"footnotes":""},"class_list":["post-1071","page","type-page","status-publish","has-post-thumbnail","hentry"],"_links":{"self":[{"href":"https:\/\/taboaocalhas.com.br\/index.php\/wp-json\/wp\/v2\/pages\/1071"}],"collection":[{"href":"https:\/\/taboaocalhas.com.br\/index.php\/wp-json\/wp\/v2\/pages"}],"about":[{"href":"https:\/\/taboaocalhas.com.br\/index.php\/wp-json\/wp\/v2\/types\/page"}],"author":[{"embeddable":true,"href":"https:\/\/taboaocalhas.com.br\/index.php\/wp-json\/wp\/v2\/users\/1"}],"replies":[{"embeddable":true,"href":"https:\/\/taboaocalhas.com.br\/index.php\/wp-json\/wp\/v2\/comments?post=1071"}],"version-history":[{"count":1,"href":"https:\/\/taboaocalhas.com.br\/index.php\/wp-json\/wp\/v2\/pages\/1071\/revisions"}],"predecessor-version":[{"id":1082,"href":"https:\/\/taboaocalhas.com.br\/index.php\/wp-json\/wp\/v2\/pages\/1071\/revisions\/1082"}],"wp:featuredmedia":[{"embeddable":true,"href":"https:\/\/taboaocalhas.com.br\/index.php\/wp-json\/wp\/v2\/media\/1081"}],"wp:attachment":[{"href":"https:\/\/taboaocalhas.com.br\/index.php\/wp-json\/wp\/v2\/media?parent=1071"}],"curies":[{"name":"wp","href":"https:\/\/api.w.org\/{rel}","templated":true}]}}