{"id":1024,"date":"2018-11-19T14:18:17","date_gmt":"2018-11-19T17:18:17","guid":{"rendered":"http:\/\/taboaocalhas.com.br\/?page_id=1024"},"modified":"2018-11-19T15:15:28","modified_gmt":"2018-11-19T18:15:28","slug":"entrega-dentro-dos-prazos","status":"publish","type":"page","link":"https:\/\/taboaocalhas.com.br\/index.php\/entrega-dentro-dos-prazos\/","title":{"rendered":"PONTUALIDADE"},"content":{"rendered":"<p>Conte com a Tabo\u00e3o Calhas para executar os servi\u00e7os dentro dos prazos combinados. Sabemos da import\u00e2ncia do tempo para nossos clientes, assim procuramos atender dentro do cronograma estipulado.<\/p>\n","protected":false},"excerpt":{"rendered":"<p>Conte com a Tabo\u00e3o Calhas para executar os servi\u00e7os dentro dos prazos combinados. Sabemos da import\u00e2ncia do tempo para nossos clientes, assim procuramos atender dentro do cronograma estipulado.<\/p>\n","protected":false},"author":1,"featured_media":1028,"parent":0,"menu_order":0,"comment_status":"closed","ping_status":"closed","template":"","meta":{"footnotes":""},"class_list":["post-1024","page","type-page","status-publish","has-post-thumbnail","hentry"],"_links":{"self":[{"href":"https:\/\/taboaocalhas.com.br\/index.php\/wp-json\/wp\/v2\/pages\/1024"}],"collection":[{"href":"https:\/\/taboaocalhas.com.br\/index.php\/wp-json\/wp\/v2\/pages"}],"about":[{"href":"https:\/\/taboaocalhas.com.br\/index.php\/wp-json\/wp\/v2\/types\/page"}],"author":[{"embeddable":true,"href":"https:\/\/taboaocalhas.com.br\/index.php\/wp-json\/wp\/v2\/users\/1"}],"replies":[{"embeddable":true,"href":"https:\/\/taboaocalhas.com.br\/index.php\/wp-json\/wp\/v2\/comments?post=1024"}],"version-history":[{"count":3,"href":"https:\/\/taboaocalhas.com.br\/index.php\/wp-json\/wp\/v2\/pages\/1024\/revisions"}],"predecessor-version":[{"id":1040,"href":"https:\/\/taboaocalhas.com.br\/index.php\/wp-json\/wp\/v2\/pages\/1024\/revisions\/1040"}],"wp:featuredmedia":[{"embeddable":true,"href":"https:\/\/taboaocalhas.com.br\/index.php\/wp-json\/wp\/v2\/media\/1028"}],"wp:attachment":[{"href":"https:\/\/taboaocalhas.com.br\/index.php\/wp-json\/wp\/v2\/media?parent=1024"}],"curies":[{"name":"wp","href":"https:\/\/api.w.org\/{rel}","templated":true}]}}